{"id":54,"date":"2017-02-20T14:54:50","date_gmt":"2017-02-20T13:54:50","guid":{"rendered":"http:\/\/new.ansekclo.com\/?page_id=54"},"modified":"2017-02-20T14:54:56","modified_gmt":"2017-02-20T13:54:56","slug":"partneri","status":"publish","type":"page","link":"https:\/\/www.ansekclo.com\/index.php\/partneri\/","title":{"rendered":"Partne\u0159i"},"content":{"rendered":"<ul>\n<li>ALTA, a.s.<\/li>\n<li>Techservice CZ, s.r.o.<\/li>\n<li>PRO.MED.CS Praha a.s.<\/li>\n<li>Prima Logistics, s.r.o.<\/li>\n<li>STROJIMPEX s.r.o.<\/li>\n<li>DER KURIER \u010cesk\u00e1 Republika s.r.o.<\/li>\n<li>Cargomind, s.r.o. (Praga 6 &#8211; Ruzyn\u011b)<\/li>\n<li>Historic cars, s.r.o.<\/li>\n<li>ALO jewelry, s.r.o.<\/li>\n<li>MOD\u0158ANY Power, a.s<\/li>\n<\/ul>\n","protected":false},"excerpt":{"rendered":"<p>ALTA, a.s. Techservice CZ, s.r.o. PRO.MED.CS Praha a.s. Prima Logistics, s.r.o. STROJIMPEX s.r.o. DER KURIER \u010cesk\u00e1 Republika s.r.o. Cargomind, s.r.o. (Praga 6 &#8211; Ruzyn\u011b) Historic cars, s.r.o. ALO jewelry, s.r.o. MOD\u0158ANY Power, a.s<\/p>\n","protected":false},"author":2,"featured_media":0,"parent":0,"menu_order":0,"comment_status":"closed","ping_status":"closed","template":"","meta":{"footnotes":""},"class_list":["post-54","page","type-page","status-publish","hentry"],"_links":{"self":[{"href":"https:\/\/www.ansekclo.com\/index.php\/wp-json\/wp\/v2\/pages\/54","targetHints":{"allow":["GET"]}}],"collection":[{"href":"https:\/\/www.ansekclo.com\/index.php\/wp-json\/wp\/v2\/pages"}],"about":[{"href":"https:\/\/www.ansekclo.com\/index.php\/wp-json\/wp\/v2\/types\/page"}],"author":[{"embeddable":true,"href":"https:\/\/www.ansekclo.com\/index.php\/wp-json\/wp\/v2\/users\/2"}],"replies":[{"embeddable":true,"href":"https:\/\/www.ansekclo.com\/index.php\/wp-json\/wp\/v2\/comments?post=54"}],"version-history":[{"count":1,"href":"https:\/\/www.ansekclo.com\/index.php\/wp-json\/wp\/v2\/pages\/54\/revisions"}],"predecessor-version":[{"id":55,"href":"https:\/\/www.ansekclo.com\/index.php\/wp-json\/wp\/v2\/pages\/54\/revisions\/55"}],"wp:attachment":[{"href":"https:\/\/www.ansekclo.com\/index.php\/wp-json\/wp\/v2\/media?parent=54"}],"curies":[{"name":"wp","href":"https:\/\/api.w.org\/{rel}","templated":true}]}}