{"id":51,"date":"2017-02-20T14:52:15","date_gmt":"2017-02-20T13:52:15","guid":{"rendered":"http:\/\/new.ansekclo.com\/?page_id=51"},"modified":"2017-02-27T11:26:40","modified_gmt":"2017-02-27T10:26:40","slug":"sponzorujeme","status":"publish","type":"page","link":"https:\/\/www.ansekclo.com\/index.php\/sponzorujeme\/","title":{"rendered":"Sponzorujeme"},"content":{"rendered":"<ul>\n<li><a href=\"http:\/\/www.ddstankov.cz\/robinson.htm\" target=\"_blank\">D\u011btsk\u00fd domov, Sta\u0148kov<\/a><\/li>\n<li><a href=\"http:\/\/fkhvezdacheb.cz\/\" target=\"_blank\">FK Hv\u011bzda Cheb<\/a><\/li>\n<li><a href=\"http:\/\/sokolpostrekov.webnode.cz\/\" target=\"_blank\">Sokol Post\u0159ekov<\/a><\/li>\n<li><a href=\"http:\/\/hasicipostrekov.cz\/\" target=\"_blank\">Hasi\u010di Post\u0159ekov<\/a><\/li>\n<li>M\u00edla\u0159i Doma\u017elice<\/li>\n<li><a href=\"http:\/\/tsavanti.cz\/\" target=\"_blank\">TS Avanti<\/a><\/li>\n<li><a href=\"http:\/\/www.donem.cz\/\" target=\"_blank\">Nemocnice Doma\u017elice<\/a><\/li>\n<li><a href=\"http:\/\/www.nemkt.cz\/\" target=\"_blank\">Nemocnice Klatovy<\/a><\/li>\n<li><a href=\"https:\/\/www.facebook.com\/katka.berouskova\">Kate\u0159ina Berou\u0161kov\u00e1 &#8211; 4 n\u00e1sobn\u00e1 mistryn\u011b \u010cR v klasick\u00e9m ly\u017eov\u00e1n\u00ed<\/a><\/li>\n<li><a href=\"http:\/\/www.civilky.cz\/\">Svaz posti\u017een\u00fdch civiliza\u010dn\u00edmi chorobami V \u010cR<\/a><\/li>\n<li>Mlad\u00ed hasi\u010di Meclov<\/li>\n<li>Mlad\u00ed hasi\u010di Post\u0159ekov<\/li>\n<li>Mlad\u00ed hasi\u010di Hlubok\u00e1<\/li>\n<li><a href=\"http:\/\/kctdomazlice.cz\/\">Klub \u010desk\u00fdch turist\u016f Doma\u017elice<\/a><\/li>\n<\/ul>\n","protected":false},"excerpt":{"rendered":"<p>D\u011btsk\u00fd domov, Sta\u0148kov FK Hv\u011bzda Cheb Sokol Post\u0159ekov Hasi\u010di Post\u0159ekov M\u00edla\u0159i Doma\u017elice TS Avanti Nemocnice Doma\u017elice Nemocnice Klatovy Kate\u0159ina Berou\u0161kov\u00e1 &#8211; 4 n\u00e1sobn\u00e1 mistryn\u011b \u010cR v klasick\u00e9m ly\u017eov\u00e1n\u00ed Svaz posti\u017een\u00fdch civiliza\u010dn\u00edmi chorobami V \u010cR Mlad\u00ed hasi\u010di Meclov Mlad\u00ed hasi\u010di Post\u0159ekov<\/p>\n","protected":false},"author":2,"featured_media":0,"parent":0,"menu_order":0,"comment_status":"closed","ping_status":"closed","template":"","meta":{"footnotes":""},"class_list":["post-51","page","type-page","status-publish","hentry"],"_links":{"self":[{"href":"https:\/\/www.ansekclo.com\/index.php\/wp-json\/wp\/v2\/pages\/51","targetHints":{"allow":["GET"]}}],"collection":[{"href":"https:\/\/www.ansekclo.com\/index.php\/wp-json\/wp\/v2\/pages"}],"about":[{"href":"https:\/\/www.ansekclo.com\/index.php\/wp-json\/wp\/v2\/types\/page"}],"author":[{"embeddable":true,"href":"https:\/\/www.ansekclo.com\/index.php\/wp-json\/wp\/v2\/users\/2"}],"replies":[{"embeddable":true,"href":"https:\/\/www.ansekclo.com\/index.php\/wp-json\/wp\/v2\/comments?post=51"}],"version-history":[{"count":3,"href":"https:\/\/www.ansekclo.com\/index.php\/wp-json\/wp\/v2\/pages\/51\/revisions"}],"predecessor-version":[{"id":78,"href":"https:\/\/www.ansekclo.com\/index.php\/wp-json\/wp\/v2\/pages\/51\/revisions\/78"}],"wp:attachment":[{"href":"https:\/\/www.ansekclo.com\/index.php\/wp-json\/wp\/v2\/media?parent=51"}],"curies":[{"name":"wp","href":"https:\/\/api.w.org\/{rel}","templated":true}]}}