{"id":43,"date":"2017-02-20T14:46:20","date_gmt":"2017-02-20T13:46:20","guid":{"rendered":"http:\/\/new.ansekclo.com\/?page_id=43"},"modified":"2021-02-23T22:35:51","modified_gmt":"2021-02-23T21:35:51","slug":"pobocky-2","status":"publish","type":"page","link":"https:\/\/www.ansekclo.com\/index.php\/pobocky-2\/","title":{"rendered":"Pobo\u010dky"},"content":{"rendered":"<p>Pro na\u0161i spole\u010dnost jsou pil\u00ed\u0159i na\u0161eho zastoupen\u00ed pobo\u010dky v na\u0161ich t\u0159ech nejv\u011bt\u0161\u00edch m\u011bstech, v <a href=\"https:\/\/www.ansekclo.com\/index.php\/pobocka-praha\/\">Praze,<\/a> <a href=\"https:\/\/www.ansekclo.com\/index.php\/paskov\/\">Ostrav\u011b<\/a> a <a href=\"https:\/\/www.ansekclo.com\/index.php\/pobocka-brno\/\">Brn\u011b<\/a>. Z t\u011bchto kl\u00ed\u010dov\u00fdch bod\u016f pak zaji\u0161\u0165ujeme celn\u00ed odbaven\u00ed prakticky v jak\u00e9koliv \u010d\u00e1sti \u010cesk\u00e9 republiky.<\/p>\n","protected":false},"excerpt":{"rendered":"<p>Pro na\u0161i spole\u010dnost jsou pil\u00ed\u0159i na\u0161eho zastoupen\u00ed pobo\u010dky v na\u0161ich t\u0159ech nejv\u011bt\u0161\u00edch m\u011bstech, v Praze, Ostrav\u011b a Brn\u011b. Z t\u011bchto kl\u00ed\u010dov\u00fdch bod\u016f pak zaji\u0161\u0165ujeme celn\u00ed odbaven\u00ed prakticky v jak\u00e9koliv \u010d\u00e1sti \u010cesk\u00e9 republiky.<\/p>\n","protected":false},"author":2,"featured_media":0,"parent":0,"menu_order":0,"comment_status":"closed","ping_status":"closed","template":"","meta":{"footnotes":""},"class_list":["post-43","page","type-page","status-publish","hentry"],"_links":{"self":[{"href":"https:\/\/www.ansekclo.com\/index.php\/wp-json\/wp\/v2\/pages\/43","targetHints":{"allow":["GET"]}}],"collection":[{"href":"https:\/\/www.ansekclo.com\/index.php\/wp-json\/wp\/v2\/pages"}],"about":[{"href":"https:\/\/www.ansekclo.com\/index.php\/wp-json\/wp\/v2\/types\/page"}],"author":[{"embeddable":true,"href":"https:\/\/www.ansekclo.com\/index.php\/wp-json\/wp\/v2\/users\/2"}],"replies":[{"embeddable":true,"href":"https:\/\/www.ansekclo.com\/index.php\/wp-json\/wp\/v2\/comments?post=43"}],"version-history":[{"count":7,"href":"https:\/\/www.ansekclo.com\/index.php\/wp-json\/wp\/v2\/pages\/43\/revisions"}],"predecessor-version":[{"id":189,"href":"https:\/\/www.ansekclo.com\/index.php\/wp-json\/wp\/v2\/pages\/43\/revisions\/189"}],"wp:attachment":[{"href":"https:\/\/www.ansekclo.com\/index.php\/wp-json\/wp\/v2\/media?parent=43"}],"curies":[{"name":"wp","href":"https:\/\/api.w.org\/{rel}","templated":true}]}}