{"id":30,"date":"2017-02-20T14:38:10","date_gmt":"2017-02-20T13:38:10","guid":{"rendered":"http:\/\/new.ansekclo.com\/?page_id=30"},"modified":"2023-04-20T09:29:07","modified_gmt":"2023-04-20T07:29:07","slug":"pobocka-praha","status":"publish","type":"page","link":"https:\/\/www.ansekclo.com\/index.php\/pobocka-praha\/","title":{"rendered":"Pobo\u010dka Praha"},"content":{"rendered":"<p>V sou\u010dasn\u00e9 dob\u011b zaji\u0161\u0165ujeme odbaven\u00ed po cel\u00e9 Praze z na\u0161eho s\u00eddla na adrese:<\/p>\n<p>Vrbova 1427\/19<br \/>\n147 00, Praha 4 &#8211; Bran\u00edk<\/p>\n<p>Provozn\u00ed doba: 08:00 \u2013 16:30<\/p>\n<p>Kontakt:<\/p>\n<p>Hana Matia\u0161kov\u00e1<br \/>\ntel.: +420 776 513 580<br \/>\nemail: praha@ansekclo.com<\/p>\n","protected":false},"excerpt":{"rendered":"<p>V sou\u010dasn\u00e9 dob\u011b zaji\u0161\u0165ujeme odbaven\u00ed po cel\u00e9 Praze z na\u0161eho s\u00eddla na adrese: Vrbova 1427\/19 147 00, Praha 4 &#8211; Bran\u00edk Provozn\u00ed doba: 08:00 \u2013 16:30 Kontakt: Hana Matia\u0161kov\u00e1 tel.: +420 776 513 580 email: praha@ansekclo.com<\/p>\n","protected":false},"author":2,"featured_media":0,"parent":0,"menu_order":0,"comment_status":"closed","ping_status":"closed","template":"","meta":{"footnotes":""},"class_list":["post-30","page","type-page","status-publish","hentry"],"_links":{"self":[{"href":"https:\/\/www.ansekclo.com\/index.php\/wp-json\/wp\/v2\/pages\/30","targetHints":{"allow":["GET"]}}],"collection":[{"href":"https:\/\/www.ansekclo.com\/index.php\/wp-json\/wp\/v2\/pages"}],"about":[{"href":"https:\/\/www.ansekclo.com\/index.php\/wp-json\/wp\/v2\/types\/page"}],"author":[{"embeddable":true,"href":"https:\/\/www.ansekclo.com\/index.php\/wp-json\/wp\/v2\/users\/2"}],"replies":[{"embeddable":true,"href":"https:\/\/www.ansekclo.com\/index.php\/wp-json\/wp\/v2\/comments?post=30"}],"version-history":[{"count":6,"href":"https:\/\/www.ansekclo.com\/index.php\/wp-json\/wp\/v2\/pages\/30\/revisions"}],"predecessor-version":[{"id":239,"href":"https:\/\/www.ansekclo.com\/index.php\/wp-json\/wp\/v2\/pages\/30\/revisions\/239"}],"wp:attachment":[{"href":"https:\/\/www.ansekclo.com\/index.php\/wp-json\/wp\/v2\/media?parent=30"}],"curies":[{"name":"wp","href":"https:\/\/api.w.org\/{rel}","templated":true}]}}