{"id":250,"date":"2024-02-06T14:30:24","date_gmt":"2024-02-06T13:30:24","guid":{"rendered":"https:\/\/www.ansekclo.com\/?page_id=250"},"modified":"2024-02-06T14:30:53","modified_gmt":"2024-02-06T13:30:53","slug":"pobocka-domazlice","status":"publish","type":"page","link":"https:\/\/www.ansekclo.com\/index.php\/pobocka-domazlice\/","title":{"rendered":"Pobo\u010dka Doma\u017elice"},"content":{"rendered":"<p>V sou\u010dasn\u00e9 dob\u011b zaji\u0161\u0165ujeme odbaven\u00ed z pobo\u010dky Doma\u017elice v p\u0159\u00edstavech po cel\u00e9 EU<\/p>\n<p>Sadov\u00e1 636<br \/>\n344 01, Doma\u017elice<\/p>\n<p>Provozn\u00ed doba: 08:00 \u2013 16:30<\/p>\n<p>Kontakt:<\/p>\n<p>Ji\u0159\u00ed Bu\u010dek<br \/>\ntel.: +420 771 157 880<br \/>\nemail: tranzit@ansekclo.com<\/p>\n","protected":false},"excerpt":{"rendered":"<p>V sou\u010dasn\u00e9 dob\u011b zaji\u0161\u0165ujeme odbaven\u00ed z pobo\u010dky Doma\u017elice v p\u0159\u00edstavech po cel\u00e9 EU Sadov\u00e1 636 344 01, Doma\u017elice Provozn\u00ed doba: 08:00 \u2013 16:30 Kontakt: Ji\u0159\u00ed Bu\u010dek tel.: +420 771 157 880 email: tranzit@ansekclo.com<\/p>\n","protected":false},"author":2,"featured_media":0,"parent":0,"menu_order":0,"comment_status":"closed","ping_status":"closed","template":"","meta":{"footnotes":""},"class_list":["post-250","page","type-page","status-publish","hentry"],"_links":{"self":[{"href":"https:\/\/www.ansekclo.com\/index.php\/wp-json\/wp\/v2\/pages\/250","targetHints":{"allow":["GET"]}}],"collection":[{"href":"https:\/\/www.ansekclo.com\/index.php\/wp-json\/wp\/v2\/pages"}],"about":[{"href":"https:\/\/www.ansekclo.com\/index.php\/wp-json\/wp\/v2\/types\/page"}],"author":[{"embeddable":true,"href":"https:\/\/www.ansekclo.com\/index.php\/wp-json\/wp\/v2\/users\/2"}],"replies":[{"embeddable":true,"href":"https:\/\/www.ansekclo.com\/index.php\/wp-json\/wp\/v2\/comments?post=250"}],"version-history":[{"count":1,"href":"https:\/\/www.ansekclo.com\/index.php\/wp-json\/wp\/v2\/pages\/250\/revisions"}],"predecessor-version":[{"id":251,"href":"https:\/\/www.ansekclo.com\/index.php\/wp-json\/wp\/v2\/pages\/250\/revisions\/251"}],"wp:attachment":[{"href":"https:\/\/www.ansekclo.com\/index.php\/wp-json\/wp\/v2\/media?parent=250"}],"curies":[{"name":"wp","href":"https:\/\/api.w.org\/{rel}","templated":true}]}}