{"id":2,"date":"2016-11-08T18:46:27","date_gmt":"2016-11-08T17:46:27","guid":{"rendered":"http:\/\/new.ansekclo.com\/?page_id=2"},"modified":"2024-02-06T14:22:55","modified_gmt":"2024-02-06T13:22:55","slug":"zkusebni-stranka","status":"publish","type":"page","link":"https:\/\/www.ansekclo.com\/","title":{"rendered":"\u00davod"},"content":{"rendered":"<p style=\"text-align: justify;\">Spole\u010dnost ANSEK clo s.r.o. byla zalo\u017eena po\u010d\u00e1tkem roku 2009 zku\u0161en\u00fdmi pracovn\u00edky z oblasti celn\u00ed deklarace, celn\u00edho poradenstv\u00ed a spedi\u010dn\u00edch slu\u017eeb. V sou\u010dasn\u00e9 dob\u011b p\u016fsob\u00ed ANSEK clo s.r.o. v Doma\u017elic\u00edch, Paskov\u011b, Brn\u011b a Praze. Pobo\u010dky spole\u010dnosti ANSEK clo s.r.o. se nach\u00e1zej\u00ed u Celn\u00edho \u00fa\u0159adu Brno &#8211; pobo\u010dka Brno, Celn\u00edho \u00fa\u0159adu pro Moravskoslezsk\u00fd kraj &#8211; pobo\u010dka Paskov, Celn\u00edho \u00fa\u0159adu pro Kr\u00e1lovehradeck\u00fd kraj, pobo\u010dka Hradec Kr\u00e1lov\u00e9 a v Praze zaji\u0161\u0165uje spole\u010dnost ANSEK clo s.r.o. odbaven\u00ed na Celn\u00edch \u00fa\u0159adech Ruzyn\u011b, Rudn\u00e1, Zdiby, Hostiva\u0159, Uh\u0159\u00edn\u011bves, M\u011bln\u00edk, Nupaky a Kladno. V sou\u010dasn\u00e9 dob\u011b je p\u0159ipravov\u00e1n rozvoj do dal\u0161\u00edch kraj\u016f \u010cesk\u00e9 republiky. Proces elektronick\u00e9ho celn\u00edho \u0159\u00edzen\u00ed a centralizovan\u00e9 celn\u00ed \u0159\u00edzen\u00ed p\u0159ipravovan\u00e9 celn\u00edmi org\u00e1ny nebr\u00e1n\u00ed \u010dinnosti celn\u00edch deklarac\u00ed po cel\u00e9 \u010cesk\u00e9 republice. Na\u0161e spole\u010dnost m\u016f\u017ee zajistit celn\u00ed odbaven\u00ed v r\u00e1mci cel\u00e9 EU.<\/p>\n<p><strong>Martin Mach\u00e1\u010dek<\/strong><br \/>\n<strong> tel.: +420725460400<\/strong><br \/>\n<strong> E-mail: martin.machacek@ansekclo.com<\/strong><\/p>\n<p>S\u00eddlo spole\u010dnosti:<br \/>\nVrbova 1427\/19, 147 00, Praha 4 &#8211; Bran\u00edk<br \/>\nI\u010cO: 28092074<br \/>\nDI\u010c: CZ28092074<\/p>\n","protected":false},"excerpt":{"rendered":"<p>Spole\u010dnost ANSEK clo s.r.o. byla zalo\u017eena po\u010d\u00e1tkem roku 2009 zku\u0161en\u00fdmi pracovn\u00edky z oblasti celn\u00ed deklarace, celn\u00edho poradenstv\u00ed a spedi\u010dn\u00edch slu\u017eeb. V sou\u010dasn\u00e9 dob\u011b p\u016fsob\u00ed ANSEK clo s.r.o. v Doma\u017elic\u00edch, Paskov\u011b, Brn\u011b a Praze. Pobo\u010dky spole\u010dnosti ANSEK clo s.r.o. se nach\u00e1zej\u00ed<\/p>\n","protected":false},"author":1,"featured_media":0,"parent":0,"menu_order":0,"comment_status":"closed","ping_status":"open","template":"","meta":{"footnotes":""},"class_list":["post-2","page","type-page","status-publish","hentry"],"_links":{"self":[{"href":"https:\/\/www.ansekclo.com\/index.php\/wp-json\/wp\/v2\/pages\/2","targetHints":{"allow":["GET"]}}],"collection":[{"href":"https:\/\/www.ansekclo.com\/index.php\/wp-json\/wp\/v2\/pages"}],"about":[{"href":"https:\/\/www.ansekclo.com\/index.php\/wp-json\/wp\/v2\/types\/page"}],"author":[{"embeddable":true,"href":"https:\/\/www.ansekclo.com\/index.php\/wp-json\/wp\/v2\/users\/1"}],"replies":[{"embeddable":true,"href":"https:\/\/www.ansekclo.com\/index.php\/wp-json\/wp\/v2\/comments?post=2"}],"version-history":[{"count":15,"href":"https:\/\/www.ansekclo.com\/index.php\/wp-json\/wp\/v2\/pages\/2\/revisions"}],"predecessor-version":[{"id":249,"href":"https:\/\/www.ansekclo.com\/index.php\/wp-json\/wp\/v2\/pages\/2\/revisions\/249"}],"wp:attachment":[{"href":"https:\/\/www.ansekclo.com\/index.php\/wp-json\/wp\/v2\/media?parent=2"}],"curies":[{"name":"wp","href":"https:\/\/api.w.org\/{rel}","templated":true}]}}