{"id":171,"date":"2021-02-10T11:40:41","date_gmt":"2021-02-10T10:40:41","guid":{"rendered":"https:\/\/www.ansekclo.com\/?page_id=171"},"modified":"2021-05-13T11:52:19","modified_gmt":"2021-05-13T09:52:19","slug":"paskov","status":"publish","type":"page","link":"https:\/\/www.ansekclo.com\/index.php\/paskov\/","title":{"rendered":"Pobo\u010dka Paskov"},"content":{"rendered":"<header class=\"entry-header\">\n<p class=\"entry-title\"><span style=\"font-size: 16px;\">Na\u0161e pobo\u010dka v Paskov\u011b zaji\u0161\u0165uje n\u00e1sleduj\u00edc\u00ed celn\u00ed slu\u017eby<\/span><\/p>\n<\/header>\n<div class=\"entry-content clearfix\">\n<ul>\n<li>Zastupov\u00e1n\u00ed v celn\u00edm \u0159\u00edzen\u00ed<\/li>\n<li>Vystaven\u00ed celn\u00edch prohl\u00e1\u0161en\u00ed do re\u017eim\u016f TRANZIT, V\u00ddVOZ, DOVOZ \u2013 t\u0159et\u00ed zem\u011b<\/li>\n<li>Zjednodu\u0161en\u00e9 postupy pro jednotliv\u00e9 re\u017eimy \u2013 odbaven\u00ed z Va\u0161eho podniku, firmy \u010di provozovny. Zjednodu\u0161en\u00e9 postupy nejsou v\u00e1z\u00e1ny na pracovn\u00ed dobu celn\u00edho \u00fa\u0159adu.<\/li>\n<li>Centralizovan\u00e9 celn\u00ed \u0159\u00edzen\u00ed po cel\u00e9 \u010cesk\u00e9 republice \u2013 mo\u017enost odbaven\u00ed na jin\u00e9m celn\u00edm \u00fa\u0159ad\u011b, ne\u017e se nach\u00e1z\u00ed zbo\u017e\u00ed<\/li>\n<li>Zaji\u0161t\u011bn\u00ed celn\u00edho dluhu v jednotliv\u00fdch re\u017eimech<\/li>\n<li>Zprost\u0159edkov\u00e1n\u00ed slu\u017eeb v doprav\u011b s na\u0161imi partnery<\/li>\n<li>Zprost\u0159edkov\u00e1n\u00ed da\u0148ov\u00e9ho poradenstv\u00ed<\/li>\n<li>Celn\u00ed poradenstv\u00ed<\/li>\n<li>Zaji\u0161\u0165ov\u00e1n\u00ed celn\u00edho dluhu v souvislosti s celn\u00edm \u0159\u00edzen\u00edm<\/li>\n<li>Zaji\u0161t\u011bn\u00ed osv\u011bd\u010den\u00ed o p\u016fvodu zbo\u017e\u00ed EUR.1<\/li>\n<li>Zaji\u0161t\u011bn\u00ed osv\u011bd\u010den\u00ed o statusu zbo\u017e\u00ed ATR<\/li>\n<li>Vypl\u0148ov\u00e1n\u00ed karnet\u016f TIR, ATA, n\u00e1kladn\u00edch list\u016f CMR a dal\u0161\u00edch doklad\u016f p\u0159edkl\u00e1dan\u00fdch v celn\u00edm \u0159\u00edzen\u00ed<\/li>\n<li>Zaji\u0161t\u011bn\u00ed celn\u00edch sklad\u016f a do\u010dasn\u00fdch sklad\u016f v prostor\u00e1ch na\u0161ich z\u00e1kazn\u00edk\u016f<\/li>\n<li>Zpracov\u00e1n\u00ed, p\u0159\u00edprava \u017e\u00e1dost\u00ed a pod\u00e1v\u00e1n\u00ed \u017e\u00e1dost\u00ed o povolen\u00ed ekonomick\u00fdch re\u017eim\u016f, realizace ekonomick\u00fdch re\u017eim\u016f, zaji\u0161t\u011bn\u00ed pr\u00e1vn\u00ed konzultace a zastoupen\u00ed ve sporech s celn\u00edmi \u00fa\u0159ady<\/li>\n<li>Poradensk\u00e1 \u010dinnost k celn\u00edm p\u0159edpis\u016fm EU p\u0159i dovozu a v\u00fdvozu zbo\u017e\u00ed<\/li>\n<\/ul>\n<p>K P\u0159ekladi\u0161ti 865<br \/>\n739 21, Paskov<\/p>\n<p>Provozn\u00ed doba: 07:00 \u2013 15:30<\/p>\n<p>Kontakt:<\/p>\n<p>Ing. Romana Sl\u00e1de\u010dkov\u00e1<br \/>\ntel.: +420 774 071 312<br \/>\nemail: paskov@ansekclo.com<\/p>\n<p>Kancel\u00e1\u0159<br \/>\ntel.: +420 774 429 302<br \/>\nemail: paskov@ansekclo.com<\/p>\n<\/div>\n","protected":false},"excerpt":{"rendered":"<p>Na\u0161e pobo\u010dka v Paskov\u011b zaji\u0161\u0165uje n\u00e1sleduj\u00edc\u00ed celn\u00ed slu\u017eby Zastupov\u00e1n\u00ed v celn\u00edm \u0159\u00edzen\u00ed Vystaven\u00ed celn\u00edch prohl\u00e1\u0161en\u00ed do re\u017eim\u016f TRANZIT, V\u00ddVOZ, DOVOZ \u2013 t\u0159et\u00ed zem\u011b Zjednodu\u0161en\u00e9 postupy pro jednotliv\u00e9 re\u017eimy \u2013 odbaven\u00ed z Va\u0161eho podniku, firmy \u010di provozovny. Zjednodu\u0161en\u00e9 postupy nejsou v\u00e1z\u00e1ny<\/p>\n","protected":false},"author":2,"featured_media":0,"parent":0,"menu_order":0,"comment_status":"closed","ping_status":"closed","template":"","meta":{"footnotes":""},"class_list":["post-171","page","type-page","status-publish","hentry"],"_links":{"self":[{"href":"https:\/\/www.ansekclo.com\/index.php\/wp-json\/wp\/v2\/pages\/171","targetHints":{"allow":["GET"]}}],"collection":[{"href":"https:\/\/www.ansekclo.com\/index.php\/wp-json\/wp\/v2\/pages"}],"about":[{"href":"https:\/\/www.ansekclo.com\/index.php\/wp-json\/wp\/v2\/types\/page"}],"author":[{"embeddable":true,"href":"https:\/\/www.ansekclo.com\/index.php\/wp-json\/wp\/v2\/users\/2"}],"replies":[{"embeddable":true,"href":"https:\/\/www.ansekclo.com\/index.php\/wp-json\/wp\/v2\/comments?post=171"}],"version-history":[{"count":7,"href":"https:\/\/www.ansekclo.com\/index.php\/wp-json\/wp\/v2\/pages\/171\/revisions"}],"predecessor-version":[{"id":221,"href":"https:\/\/www.ansekclo.com\/index.php\/wp-json\/wp\/v2\/pages\/171\/revisions\/221"}],"wp:attachment":[{"href":"https:\/\/www.ansekclo.com\/index.php\/wp-json\/wp\/v2\/media?parent=171"}],"curies":[{"name":"wp","href":"https:\/\/api.w.org\/{rel}","templated":true}]}}