{"id":150,"date":"2020-12-01T20:32:39","date_gmt":"2020-12-01T19:32:39","guid":{"rendered":"https:\/\/www.ansekclo.com\/?page_id=150"},"modified":"2021-04-27T11:24:32","modified_gmt":"2021-04-27T09:24:32","slug":"brexit","status":"publish","type":"page","link":"https:\/\/www.ansekclo.com\/index.php\/brexit\/","title":{"rendered":"BREXIT"},"content":{"rendered":"<div class=\"section__top\">\n<div class=\"banner\">\n<div class=\"row mx-0 h-100\">\n<div class=\"col-xs-12 col-md-10 col-md-offset-1 col-lg-8 col-lg-offset-2 col-xl-6 offset-xl-3 override-col-width banner__title-container\">\n<div class=\"banner__title text-white position-absolute\">\n<h1><span style=\"font-size: 16px;\">Od 1. ledna 2021 budou u ve\u0161ker\u00e9ho zbo\u017e\u00ed p\u0159ekra\u010duj\u00edc\u00edho hranice mezi Spojen\u00fdm kr\u00e1lovstv\u00edm a Evropskou uni\u00ed vy\u017eadov\u00e1na celn\u00ed prohl\u00e1\u0161en\u00ed. Na\u0161e spole\u010dnost pro v\u00e1s sleduje aktu\u00e1ln\u00ed d\u011bn\u00ed a je p\u0159ipravena poskytovat celn\u00ed slu\u017eby jak v CZ ,tak i v UK. Nab\u00edz\u00edme odborn\u00e9 poradenstv\u00ed a celn\u00ed slu\u017eby.<\/span><\/h1>\n<p>N\u00ed\u017ee jsme pro v\u00e1s p\u0159ipravili ke sta\u017een\u00ed prezentaci Gener\u00e1ln\u00edho \u0159editelstv\u00ed cel:<\/p>\n<\/div>\n<\/div>\n<\/div>\n<\/div>\n<\/div>\n<div class=\"row mx-0\" data-gtm-page-type=\"content-page\">\n<div class=\"col-xs-12 col-md-10 col-md-offset-1 col-lg-8 col-lg-offset-2 col-xl-6 offset-xl-3 override-col-width\">\n<div class=\"section__info\">\n<h3><span style=\"font-size: 16px;\"><a href=\"https:\/\/www.ansekclo.com\/wp-content\/uploads\/2020\/12\/Brexit_HospodAAL\u0099skAA_komora_2020.pptx\">BREXIT &#8211; Informace ke sta\u017een\u00ed<\/a><\/span><\/h3>\n<hr class=\"divider divider--top\" \/>\n<div class=\"d-flex text-16 justify-content-between\">\n<div class=\"navigation__social position-relative \">\n<div class=\"fade tooltip clay-tooltip-left clipboard__tooltip\" role=\"tooltip\">\n<div class=\"tooltip-inner\">\n<h2>\u200b\u200b\u200b\u200b\u200b\u200b<b>Celn\u00ed p\u0159edpisy\u00a0Spojen\u00e9ho kr\u00e1lovstv\u00ed\u00a0a EU se stanou z\u00e1vazn\u00fdmi<\/b><\/h2>\n<\/div>\n<\/div>\n<\/div>\n<\/div>\n<\/div>\n<div class=\"section__body\">\n<p>Spojen\u00e9 kr\u00e1lovstv\u00ed\u00a0form\u00e1ln\u011b opustilo EU dne 31. ledna 2020. Bez ohledu na v\u00fdsledek jedn\u00e1n\u00ed o dohod\u011b o voln\u00e9m obchodu se celn\u00ed re\u017eimy stanou povinn\u00fdmi, jakmile skon\u010d\u00ed p\u0159echodn\u00e9 obdob\u00ed dne\u00a031. prosince 2020.\u00a0M\u016f\u017ee tak vzniknout\u00a0prost\u0159ed\u00ed, v n\u011bm\u017e naroste po\u010det st\u00e1vaj\u00edc\u00edch form\u00e1ln\u00edch po\u017eadavk\u016f a\u017e na p\u011btin\u00e1sobek.<\/p>\n<p>Pro zjednodu\u0161en\u00ed celn\u00edch postup\u016f zavedla vl\u00e1da Spojen\u00e9ho kr\u00e1lovstv\u00ed &#8222;postupn\u00fd p\u0159\u00edstup&#8220; pro dovoz do Spojen\u00e9ho kr\u00e1lovstv\u00ed. Dovozci z UK budou m\u00edt mo\u017enost vstupovat do nekontrolovan\u00e9ho zbo\u017e\u00ed v r\u00e1mci takzvan\u00e9ho zjednodu\u0161en\u00e9ho celn\u00edho re\u017eimu pro p\u0159epravu zbo\u017e\u00ed (CFSP), kter\u00fd kompenzuje pot\u0159ebu \u00fapln\u00e9ho hrani\u010dn\u00edho prohl\u00e1\u0161en\u00ed do 30. \u010dervna 2021. Obchodn\u00edci budou tak\u00e9 moci vyu\u017e\u00edt mechanismus odlo\u017een\u00e9 DPH, kdy je pot\u0159eba pouze za\u00fa\u010dtovat dovozn\u00ed DPH, ale nemus\u00ed ji v dob\u011b vstupu do Velk\u00e9 Brit\u00e1nie zaplatit.<\/p>\n<p class=\"bodytext\"><b>Tato situace vy\u017eaduje \u0159\u00e1dnou p\u0159\u00edpravu, aby nedoch\u00e1zelo ke zpo\u017ed\u011bn\u00ed pohybu zbo\u017e\u00ed.<\/b><\/p>\n<\/div>\n<div class=\"section__faq\">\n<hr class=\"divider\" \/>\n<div id=\"accordion\" class=\"list__faq\">\n<div id=\"heading0\" class=\"item__faq mb-6\">\n<h2 id=\"za\u0159\u00edd\u00edme-va\u0161i-celn\u00ed-deklaraci-pro-spojen\u00e9-kr\u00e1lovstv\u00ed-po-brexitu.-tady-je,-co-pot\u0159ebujeme-od-v\u00e1s:\" class=\"title mb-5\">Za\u0159\u00edd\u00edme pro V\u00e1s celn\u00ed deklaraci pro Spojen\u00e9 kr\u00e1lovstv\u00ed po Brexitu. Budeme od v\u00e1s pot\u0159ebovat:<\/h2>\n<ul>\n<li class=\"question__faq mb-0 py-3 d-flex collapsed border-top border-bottom\" data-toggle=\"collapse\" data-target=\"#collapse00\" aria-expanded=\"true\" aria-controls=\"collapse00\">Plnou moc\/Power of Attorney Letter<\/li>\n<li class=\"question__faq mb-0 py-3 d-flex collapsed border-top border-bottom\" data-toggle=\"collapse\" data-target=\"#collapse01\" aria-expanded=\"true\" aria-controls=\"collapse01\">EORI \u010d\u00edslo p\u0159\u00edjemce a odes\u00edlatele<\/li>\n<li class=\"question__faq mb-0 py-3 d-flex collapsed border-top border-bottom\" data-toggle=\"collapse\" data-target=\"#collapse03\" aria-expanded=\"true\" aria-controls=\"collapse03\">Obchodn\u00ed fakturu<\/li>\n<li class=\"question__faq mb-0 py-3 d-flex collapsed border-top border-bottom\" data-toggle=\"collapse\" data-target=\"#collapse04\" aria-expanded=\"true\" aria-controls=\"collapse04\">\u010c\u00edslo celn\u00edho sazebn\u00edku (HS k\u00f3d) zbo\u017e\u00ed<\/li>\n<li class=\"question__faq mb-0 py-3 d-flex collapsed border-top border-bottom\" data-toggle=\"collapse\" data-target=\"#collapse05\" aria-expanded=\"true\" aria-controls=\"collapse05\">Popis zbo\u017e\u00ed<\/li>\n<li class=\"question__faq mb-0 py-3 d-flex collapsed border-top border-bottom\" data-toggle=\"collapse\" data-target=\"#collapse06\" aria-expanded=\"true\" aria-controls=\"collapse06\">Hodnotu zbo\u017e\u00ed<\/li>\n<li class=\"question__faq mb-0 py-3 d-flex collapsed border-top border-bottom\" data-toggle=\"collapse\" data-target=\"#collapse07\" aria-expanded=\"true\" aria-controls=\"collapse07\">Incoterms<\/li>\n<\/ul>\n<\/div>\n<\/div>\n<\/div>\n<\/div>\n<\/div>\n","protected":false},"excerpt":{"rendered":"<p>Od 1. ledna 2021 budou u ve\u0161ker\u00e9ho zbo\u017e\u00ed p\u0159ekra\u010duj\u00edc\u00edho hranice mezi Spojen\u00fdm kr\u00e1lovstv\u00edm a Evropskou uni\u00ed vy\u017eadov\u00e1na celn\u00ed prohl\u00e1\u0161en\u00ed. Na\u0161e spole\u010dnost pro v\u00e1s sleduje aktu\u00e1ln\u00ed d\u011bn\u00ed a je p\u0159ipravena poskytovat celn\u00ed slu\u017eby jak v CZ ,tak i v UK. Nab\u00edz\u00edme<\/p>\n","protected":false},"author":2,"featured_media":0,"parent":0,"menu_order":0,"comment_status":"closed","ping_status":"closed","template":"","meta":{"footnotes":""},"class_list":["post-150","page","type-page","status-publish","hentry"],"_links":{"self":[{"href":"https:\/\/www.ansekclo.com\/index.php\/wp-json\/wp\/v2\/pages\/150","targetHints":{"allow":["GET"]}}],"collection":[{"href":"https:\/\/www.ansekclo.com\/index.php\/wp-json\/wp\/v2\/pages"}],"about":[{"href":"https:\/\/www.ansekclo.com\/index.php\/wp-json\/wp\/v2\/types\/page"}],"author":[{"embeddable":true,"href":"https:\/\/www.ansekclo.com\/index.php\/wp-json\/wp\/v2\/users\/2"}],"replies":[{"embeddable":true,"href":"https:\/\/www.ansekclo.com\/index.php\/wp-json\/wp\/v2\/comments?post=150"}],"version-history":[{"count":13,"href":"https:\/\/www.ansekclo.com\/index.php\/wp-json\/wp\/v2\/pages\/150\/revisions"}],"predecessor-version":[{"id":205,"href":"https:\/\/www.ansekclo.com\/index.php\/wp-json\/wp\/v2\/pages\/150\/revisions\/205"}],"wp:attachment":[{"href":"https:\/\/www.ansekclo.com\/index.php\/wp-json\/wp\/v2\/media?parent=150"}],"curies":[{"name":"wp","href":"https:\/\/api.w.org\/{rel}","templated":true}]}}