{"id":133,"date":"2020-11-23T20:03:44","date_gmt":"2020-11-23T19:03:44","guid":{"rendered":"https:\/\/www.ansekclo.com\/?page_id=133"},"modified":"2021-05-13T10:56:41","modified_gmt":"2021-05-13T08:56:41","slug":"ostrava","status":"publish","type":"page","link":"https:\/\/www.ansekclo.com\/index.php\/ostrava\/","title":{"rendered":"Paskov"},"content":{"rendered":"<div class=\"cse-block cse-name\">\n<h1>Celn\u00ed deklarant\/-ka<\/h1>\n<p>Pro na\u0161i pobo\u010dku v Paskov\u011b, hled\u00e1me posilu na pozici celn\u00ed deklarant \/ -ka.<\/p>\n<\/div>\n<div class=\"cse-block\">\n<h2 data-gtm-vis-recent-on-screen-347315_747=\"43704\" data-gtm-vis-first-on-screen-347315_747=\"43704\" data-gtm-vis-total-visible-time-347315_747=\"100\" data-gtm-vis-has-fired-347315_747=\"1\">Co V\u00e1s na t\u00e9to pozici \u010dek\u00e1?<\/h2>\n<p>\u2022 zaji\u0161t\u011bn\u00ed odbaven\u00ed celn\u00edch z\u00e1silek do celn\u00edch re\u017eim\u016f zejm\u00e9na voln\u00fd ob\u011bh a tranzit<br \/>\n\u2022 jedn\u00e1n\u00ed s celn\u00edmi \u00fa\u0159ady, se z\u00e1kazn\u00edky<br \/>\n\u2022 kontrola dodr\u017eov\u00e1n\u00ed celn\u00edch p\u0159edpis\u016f<br \/>\n\u2022 veden\u00ed doklad\u016f a dokumentace k jednotliv\u00fdm celn\u00edm p\u0159\u00edpad\u016fm<\/p>\n<\/div>\n<div class=\"cse-block\">\n<h2 data-gtm-vis-recent-on-screen-347315_747=\"43707\" data-gtm-vis-first-on-screen-347315_747=\"43707\" data-gtm-vis-total-visible-time-347315_747=\"100\" data-gtm-vis-has-fired-347315_747=\"1\">Co naopak o\u010dek\u00e1v\u00e1me my?<\/h2>\n<p>\u2022 S\u0160 vzd\u011bl\u00e1n\u00ed<br \/>\n\u2022 z\u00e1kladn\u00ed znalost celn\u00edch p\u0159edpis\u016f a proces\u016f<br \/>\n\u2022 u\u017eivatelskou znalost MS Office, celn\u00edho SW Helios v\u00fdhodou<br \/>\n\u2022 znalost pr\u00e1ce s internetov\u00fdmi aplikacemi eurLex, justice.cz, TARIC EU apod.<br \/>\n\u2022 z\u00e1kladn\u00ed znalost AJ<br \/>\n\u2022 smysl pro odpov\u011bdnost, pe\u010dlivost, t\u00fdmovost<\/p>\n<\/div>\n<div class=\"cse-block\">\n<h2 data-gtm-vis-recent-on-screen-347315_747=\"43709\" data-gtm-vis-first-on-screen-347315_747=\"43709\" data-gtm-vis-total-visible-time-347315_747=\"100\" data-gtm-vis-has-fired-347315_747=\"1\">Na co se u n\u00e1s m\u016f\u017eete t\u011b\u0161it?<\/h2>\n<p>\u2022 zaj\u00edmavou pr\u00e1ci u zam\u011bstnavatele, kter\u00fd je \u0161pi\u010dkou ve sv\u00e9m oboru<br \/>\n\u2022 p\u0159\u00edjemn\u00e9, modern\u00ed prost\u0159ed\u00ed stabiln\u00ed, \u00fasp\u011b\u0161n\u00e9 a st\u00e1le rostouc\u00ed spole\u010dnosti<br \/>\n\u2022 ro\u010dn\u00ed bonus z\u00e1visl\u00fd na Va\u0161em osobn\u00edm \u00fasp\u011bchu a v\u00fdsledc\u00edch spole\u010dnosti<br \/>\n\u2022 4 t\u00fddny dovolen\u00e9<br \/>\n\u2022 a mnoho dal\u0161\u00edch v\u00fdhod<\/p>\n<\/div>\n<p>Z\u00e1jemci o pozici mohou zas\u00edlat stru\u010dn\u00fd \u017eivotopis na email : <a href=\"mailto:info@ansekclo.com\">info@ansekclo.com<\/a><\/p>\n<p>V\u0161ichni z\u00e1jemci budou informov\u00e1n\u00ed o v\u00fdsledku.<\/p>\n","protected":false},"excerpt":{"rendered":"<p>Celn\u00ed deklarant\/-ka Pro na\u0161i pobo\u010dku v Paskov\u011b, hled\u00e1me posilu na pozici celn\u00ed deklarant \/ -ka. Co V\u00e1s na t\u00e9to pozici \u010dek\u00e1? \u2022 zaji\u0161t\u011bn\u00ed odbaven\u00ed celn\u00edch z\u00e1silek do celn\u00edch re\u017eim\u016f zejm\u00e9na voln\u00fd ob\u011bh a tranzit \u2022 jedn\u00e1n\u00ed s celn\u00edmi \u00fa\u0159ady, se<\/p>\n","protected":false},"author":2,"featured_media":0,"parent":0,"menu_order":0,"comment_status":"closed","ping_status":"closed","template":"","meta":{"footnotes":""},"class_list":["post-133","page","type-page","status-publish","hentry"],"_links":{"self":[{"href":"https:\/\/www.ansekclo.com\/index.php\/wp-json\/wp\/v2\/pages\/133","targetHints":{"allow":["GET"]}}],"collection":[{"href":"https:\/\/www.ansekclo.com\/index.php\/wp-json\/wp\/v2\/pages"}],"about":[{"href":"https:\/\/www.ansekclo.com\/index.php\/wp-json\/wp\/v2\/types\/page"}],"author":[{"embeddable":true,"href":"https:\/\/www.ansekclo.com\/index.php\/wp-json\/wp\/v2\/users\/2"}],"replies":[{"embeddable":true,"href":"https:\/\/www.ansekclo.com\/index.php\/wp-json\/wp\/v2\/comments?post=133"}],"version-history":[{"count":5,"href":"https:\/\/www.ansekclo.com\/index.php\/wp-json\/wp\/v2\/pages\/133\/revisions"}],"predecessor-version":[{"id":220,"href":"https:\/\/www.ansekclo.com\/index.php\/wp-json\/wp\/v2\/pages\/133\/revisions\/220"}],"wp:attachment":[{"href":"https:\/\/www.ansekclo.com\/index.php\/wp-json\/wp\/v2\/media?parent=133"}],"curies":[{"name":"wp","href":"https:\/\/api.w.org\/{rel}","templated":true}]}}