{"id":128,"date":"2020-11-23T14:06:40","date_gmt":"2020-11-23T13:06:40","guid":{"rendered":"https:\/\/www.ansekclo.com\/?page_id=128"},"modified":"2025-11-19T08:45:38","modified_gmt":"2025-11-19T07:45:38","slug":"nabidka-prace","status":"publish","type":"page","link":"https:\/\/www.ansekclo.com\/index.php\/nabidka-prace\/","title":{"rendered":"Nab\u00eddka pr\u00e1ce"},"content":{"rendered":"<p>Jako neutr\u00e1ln\u00ed poskytovatel celn\u00edch slu\u017eeb jsme p\u0159esn\u011b t\u00edm spr\u00e1vn\u00fdm krokem pro Va\u0161i kari\u00e9ru. Pokud ji\u017e m\u00e1te zku\u0161enosti s celn\u00edm a zahrani\u010dn\u00edm obchodem nebo chcete zah\u00e1jit svou kari\u00e9ru v t\u011bchto oblastech, nev\u00e1hejte n\u00e1s kontaktovat. ANSEK clo s.r.o. V\u00e1m nab\u00edz\u00ed aktraktivn\u00ed pr\u00e1ci, a\u0165 u\u017e jako obchodn\u00ed z\u00e1stupce, celn\u00ed konzultant nebo celn\u00ed deklarant. Aktu\u00e1ln\u011b hled\u00e1me zam\u011bstnance pro na\u0161e pobo\u010dky.<\/p>\n<p><a href=\"https:\/\/www.ansekclo.com\/index.php\/ostrava\/\">Celn\u00ed deklarant \/ -ka v Paskov\u011b<\/a><\/p>\n<p><a href=\"https:\/\/www.ansekclo.com\/index.php\/brno_nabidka\/\">Celn\u00ed deklarant \/ -ka v Brn\u011b<\/a><\/p>\n","protected":false},"excerpt":{"rendered":"<p>Jako neutr\u00e1ln\u00ed poskytovatel celn\u00edch slu\u017eeb jsme p\u0159esn\u011b t\u00edm spr\u00e1vn\u00fdm krokem pro Va\u0161i kari\u00e9ru. Pokud ji\u017e m\u00e1te zku\u0161enosti s celn\u00edm a zahrani\u010dn\u00edm obchodem nebo chcete zah\u00e1jit svou kari\u00e9ru v t\u011bchto oblastech, nev\u00e1hejte n\u00e1s kontaktovat. ANSEK clo s.r.o. V\u00e1m nab\u00edz\u00ed aktraktivn\u00ed pr\u00e1ci,<\/p>\n","protected":false},"author":2,"featured_media":0,"parent":0,"menu_order":0,"comment_status":"closed","ping_status":"closed","template":"","meta":{"footnotes":""},"class_list":["post-128","page","type-page","status-publish","hentry"],"_links":{"self":[{"href":"https:\/\/www.ansekclo.com\/index.php\/wp-json\/wp\/v2\/pages\/128","targetHints":{"allow":["GET"]}}],"collection":[{"href":"https:\/\/www.ansekclo.com\/index.php\/wp-json\/wp\/v2\/pages"}],"about":[{"href":"https:\/\/www.ansekclo.com\/index.php\/wp-json\/wp\/v2\/types\/page"}],"author":[{"embeddable":true,"href":"https:\/\/www.ansekclo.com\/index.php\/wp-json\/wp\/v2\/users\/2"}],"replies":[{"embeddable":true,"href":"https:\/\/www.ansekclo.com\/index.php\/wp-json\/wp\/v2\/comments?post=128"}],"version-history":[{"count":7,"href":"https:\/\/www.ansekclo.com\/index.php\/wp-json\/wp\/v2\/pages\/128\/revisions"}],"predecessor-version":[{"id":268,"href":"https:\/\/www.ansekclo.com\/index.php\/wp-json\/wp\/v2\/pages\/128\/revisions\/268"}],"wp:attachment":[{"href":"https:\/\/www.ansekclo.com\/index.php\/wp-json\/wp\/v2\/media?parent=128"}],"curies":[{"name":"wp","href":"https:\/\/api.w.org\/{rel}","templated":true}]}}